{"id":12,"date":"2016-07-12T14:32:29","date_gmt":"2016-07-12T16:32:29","guid":{"rendered":"http:\/\/brettspillguiden.web09.meatdigital.no\/?page_id=12"},"modified":"2016-11-14T21:10:51","modified_gmt":"2016-11-14T23:10:51","slug":"kriteriene","status":"publish","type":"page","link":"https:\/\/brettspillguiden.no\/wordpress\/kriteriene\/","title":{"rendered":"Kriteriene"},"content":{"rendered":"<h2>Testkriteriene<\/h2>\n<p>N\u00e5r en skal evaluere noe, er man avhengig av \u00e5 finne noen rammer \u00e5 vurdere ut i fra. Brettspillguidens testpanel har valgt noen evalueringskriterier, samtidig som vi pr\u00f8ver \u00e5 evaluere iht spillkategori, eller sjanger spillet h\u00f8rer hjemme i. Testpanelet etterstreber objektivitet, men det hender sikkert at vi ikke klarer \u00e5 holde v\u00e5re subjektive meninger til egne personlige evalueringer og terningkast.<\/p>\n<p>Hver kritikk er bygget opp rundt 4 hoveddeler; En skjev beskrivelse av en typisk spillrunde, en faktaboks, en infoboks, samt evaluering iht definerte kriterier. I tillegg er det en link til testpanelets egne meninger.<\/p>\n<h2>Type spill<\/h2>\n<table>\n<tbody>\n<tr>\n<th>Paremeter<\/th>\n<th>Fra<\/th>\n<th>Til<\/th>\n<\/tr>\n<tr>\n<td>Kompleksitet<\/td>\n<td>Enkelt<\/td>\n<td>Avansert<\/td>\n<\/tr>\n<tr>\n<td>Erfaring<\/td>\n<td>Ingen<\/td>\n<td>Ekspert<\/td>\n<\/tr>\n<tr>\n<td>Ferdigheter<\/td>\n<td>Hell<\/td>\n<td>Kl\u00f8kt<\/td>\n<\/tr>\n<tr>\n<td>Ventetid<\/td>\n<td>Ingen<\/td>\n<td>Lang<\/td>\n<\/tr>\n<\/tbody>\n<\/table>\n<h2>Poengutregning og vekting<\/h2>\n<table>\n<tbody>\n<tr>\n<th>Parameter<\/th>\n<th>Beskrivelse<\/th>\n<th>Peng<\/th>\n<th>Vekting<\/th>\n<\/tr>\n<tr>\n<td>Estetikk<\/td>\n<td>Design, kvalitet, stil<\/td>\n<td>1-10<\/td>\n<td>x1<\/td>\n<\/tr>\n<tr>\n<td>Tematikk<\/td>\n<td>Spennende, interessant, annerledes<\/td>\n<td>1-10<\/td>\n<td>x1<\/td>\n<\/tr>\n<tr>\n<td>Regler<\/td>\n<td>Pedagogikk, klarhet, fullendthet<\/td>\n<td>1-10<\/td>\n<td>x1<\/td>\n<\/tr>\n<tr>\n<td>Originalitet<\/td>\n<td>Konsept, struktur, kreativt<\/td>\n<td>1-10<\/td>\n<td>x1<\/td>\n<\/tr>\n<tr>\n<td>Spilldynamikk<\/td>\n<td>Fungerende, variasjon, tempo, interaktivitet<\/td>\n<td>1-10<\/td>\n<td>x2<\/td>\n<\/tr>\n<tr>\n<td>Spilleglede<\/td>\n<td>Intensitet, utfordrende, oppspillende<\/td>\n<td>1-10<\/td>\n<td>x2<\/td>\n<\/tr>\n<tr>\n<td>Spillverdi<\/td>\n<td>Gjenspillbarhet, levetid<\/td>\n<td>1-10<\/td>\n<td>x2<\/td>\n<\/tr>\n<tr>\n<td><strong>Totalt<\/strong><\/td>\n<td><strong>Maks totalsum<\/strong><\/td>\n<td><strong>100<\/strong><\/td>\n<td><\/td>\n<\/tr>\n<\/tbody>\n<\/table>\n<p>Personlig kommentar.<\/p>\n","protected":false},"excerpt":{"rendered":"<p>Testkriteriene N\u00e5r en skal evaluere noe, er man avhengig av \u00e5 finne noen rammer \u00e5 vurdere ut i fra. Brettspillguidens testpanel har valgt noen evalueringskriterier, samtidig som vi pr\u00f8ver \u00e5 evaluere iht spillkategori, eller sjanger spillet h\u00f8rer hjemme i. Testpanelet etterstreber objektivitet, men det hender sikkert at vi ikke klarer \u00e5 holde v\u00e5re subjektive meninger til egne personlige evalueringer og terningkast. Hver kritikk er bygget opp rundt 4 hoveddeler; En skjev beskrivelse av en typisk spillrunde, en faktaboks, en infoboks, samt evaluering iht definerte kriterier. I tillegg er det en link til testpanelets egne meninger. Type spill Paremeter Fra Til <\/p>\n","protected":false},"author":19,"featured_media":0,"parent":0,"menu_order":0,"comment_status":"closed","ping_status":"closed","template":"","meta":{"footnotes":""},"class_list":["post-12","page","type-page","status-publish","hentry"],"_links":{"self":[{"href":"https:\/\/brettspillguiden.plesk03web.avento.no\/wordpress\/wp-json\/wp\/v2\/pages\/12","targetHints":{"allow":["GET"]}}],"collection":[{"href":"https:\/\/brettspillguiden.plesk03web.avento.no\/wordpress\/wp-json\/wp\/v2\/pages"}],"about":[{"href":"https:\/\/brettspillguiden.plesk03web.avento.no\/wordpress\/wp-json\/wp\/v2\/types\/page"}],"author":[{"embeddable":true,"href":"https:\/\/brettspillguiden.plesk03web.avento.no\/wordpress\/wp-json\/wp\/v2\/users\/19"}],"replies":[{"embeddable":true,"href":"https:\/\/brettspillguiden.plesk03web.avento.no\/wordpress\/wp-json\/wp\/v2\/comments?post=12"}],"version-history":[{"count":3,"href":"https:\/\/brettspillguiden.plesk03web.avento.no\/wordpress\/wp-json\/wp\/v2\/pages\/12\/revisions"}],"predecessor-version":[{"id":5162,"href":"https:\/\/brettspillguiden.plesk03web.avento.no\/wordpress\/wp-json\/wp\/v2\/pages\/12\/revisions\/5162"}],"wp:attachment":[{"href":"https:\/\/brettspillguiden.plesk03web.avento.no\/wordpress\/wp-json\/wp\/v2\/media?parent=12"}],"curies":[{"name":"wp","href":"https:\/\/api.w.org\/{rel}","templated":true}]}}