{"id":5066,"date":"2016-11-14T08:51:20","date_gmt":"2016-11-14T10:51:20","guid":{"rendered":"http:\/\/brettspillguiden.web09.meatdigital.no\/?page_id=5066"},"modified":"2016-11-14T08:53:20","modified_gmt":"2016-11-14T10:53:20","slug":"om-oss","status":"publish","type":"page","link":"https:\/\/brettspillguiden.no\/wordpress\/om-oss\/","title":{"rendered":"Om BSG"},"content":{"rendered":"<p><a href=\"http:\/\/www.brettspillguiden.no\">brettspillguiden.no<\/a> (BSG) er en uavhengig forbrukeropplysningsside om brettspill, hvor kritikker av brettspill st\u00e5r i fokus. Med stor interesse for og enormt mange timer med brettspilling har BSG sine paneldeltagere en god basis for \u00e5 vurdere brettspill. Talsperson for BSG er K. Remo Rehder.<\/p>\n<p><a href=\"http:\/\/brettspillguiden.no\">brettspillguiden.no<\/a> (BSG) ble dannet av K. Remo Rehder, Thomas Risan og Tore Nj\u00e5 i 1999, og kom i gang i mangel av informasjon om brettspill den gang. Internett var ikke hva det er blitt\u2026<\/p>\n<p>S\u00e5 v\u00e5r tanke var at vi, som allerede erfarne spillere, kunne lage en ren forbrukeropplysningsside, hvor vi kom med v\u00e5re subjektive meninger om de spillene vi allerede hadde i samlingene eller kj\u00f8pte. Vi var i den oppfatning av vi i det minste kunne veilede noen vekk fra det som ikke var bra. Men selvf\u00f8lgelig er det hyggeligst \u00e5 komme med anbefalinger som vekker interesse og f\u00f8rer til skikkelig gode spillopplevelser.<\/p>\n<p>Og siden vi mener det er uheldig at kun \u00e9n person skal vurdere et \u00e5ndsverk, da det jo faktisk er stor forskjell p\u00e5 hva folk liker, ville vi ha et panel som kritikere for hvert spill. S\u00e5 av den grunn blir hvert spill kommentert av 4 paneldeltagere. Dette gj\u00f8r, etter v\u00e5r mening, kritikkene mer troverdige og gj\u00f8r det lettere for leseren \u00e5 finne en kritikere en kanskje er mer enig med enn andre.<\/p>\n<p>S\u00e5 med det utgangspunktet var det \u00e5 finne ut hvordan en skulle bed\u00f8mme spillene. Vi jobbet en del med dette og tok utgangspunkt i premissleverand\u00f8ren for brettspillkritikker fra 1970-80 tallet; Games magazine og den tyske brettspilldatabasen Luding. Vi satt sammen de elementene vi mente var viktigst og vektet dem, slik at vi kom ut med en score for hvert spill vi vurderte. Vi bruker fremdeles dette skjemaet.<\/p>\n<p>Paneldeltagerne i BSG har kommet og g\u00e5tt, og er mer og mindre aktive, men de best\u00e5r vanligvis av 3-5 par. Ogs\u00e5 dette har v\u00e6rt bevisst, da det ofte viser seg at det er st\u00f8rre variasjon mellom kj\u00f8nnene enn en homogen kompisgjeng. Alts\u00e5 gj\u00f8r dette at v\u00e5re kritikker bidrar til at leseren kan f\u00e5 ut mer informasjon f\u00f8r et evt kj\u00f8p. Om alle paneldeltagerne er positive, vil spillet passe en st\u00f8rre mengde spillere, enn om kun \u00abgutta\u00bb gir det toppscore mens \u00abjentene\u00bb misliker det.<\/p>\n<p>Som en uavhengig forbrukeropplysningsside blir BSG ofte brukt av andre medier til \u00e5 sette opp tester, vurdere enkelte spill, komme med anbefalinger og kommentere brettspillrelaterte saker.<\/p>\n<p>Men viktigst av alt; vi \u00f8nsker \u00e5 spre gleden over \u00e5 spille brettspill med folket!<\/p>\n","protected":false},"excerpt":{"rendered":"<p>brettspillguiden.no (BSG) er en uavhengig forbrukeropplysningsside om brettspill, hvor kritikker av brettspill st\u00e5r i fokus. Med stor interesse for og enormt mange timer med brettspilling har BSG sine paneldeltagere en god basis for \u00e5 vurdere brettspill. Talsperson for BSG er K. Remo Rehder. brettspillguiden.no (BSG) ble dannet av K. Remo Rehder, Thomas Risan og Tore Nj\u00e5 i 1999, og kom i gang i mangel av informasjon om brettspill den gang. Internett var ikke hva det er blitt\u2026 S\u00e5 v\u00e5r tanke var at vi, som allerede erfarne spillere, kunne lage en ren forbrukeropplysningsside, hvor vi kom med v\u00e5re subjektive meninger om <\/p>\n","protected":false},"author":19,"featured_media":0,"parent":0,"menu_order":0,"comment_status":"closed","ping_status":"closed","template":"","meta":{"footnotes":""},"class_list":["post-5066","page","type-page","status-publish","hentry"],"_links":{"self":[{"href":"https:\/\/brettspillguiden.plesk03web.avento.no\/wordpress\/wp-json\/wp\/v2\/pages\/5066","targetHints":{"allow":["GET"]}}],"collection":[{"href":"https:\/\/brettspillguiden.plesk03web.avento.no\/wordpress\/wp-json\/wp\/v2\/pages"}],"about":[{"href":"https:\/\/brettspillguiden.plesk03web.avento.no\/wordpress\/wp-json\/wp\/v2\/types\/page"}],"author":[{"embeddable":true,"href":"https:\/\/brettspillguiden.plesk03web.avento.no\/wordpress\/wp-json\/wp\/v2\/users\/19"}],"replies":[{"embeddable":true,"href":"https:\/\/brettspillguiden.plesk03web.avento.no\/wordpress\/wp-json\/wp\/v2\/comments?post=5066"}],"version-history":[{"count":3,"href":"https:\/\/brettspillguiden.plesk03web.avento.no\/wordpress\/wp-json\/wp\/v2\/pages\/5066\/revisions"}],"predecessor-version":[{"id":5070,"href":"https:\/\/brettspillguiden.plesk03web.avento.no\/wordpress\/wp-json\/wp\/v2\/pages\/5066\/revisions\/5070"}],"wp:attachment":[{"href":"https:\/\/brettspillguiden.plesk03web.avento.no\/wordpress\/wp-json\/wp\/v2\/media?parent=5066"}],"curies":[{"name":"wp","href":"https:\/\/api.w.org\/{rel}","templated":true}]}}